{"id":228,"date":"2015-09-02T13:33:50","date_gmt":"2015-09-02T13:33:50","guid":{"rendered":"http:\/\/www.hyyruveski.ee\/?page_id=228&#038;lang=fi"},"modified":"2019-04-29T10:07:45","modified_gmt":"2019-04-29T10:07:45","slug":"etusivu","status":"publish","type":"page","link":"http:\/\/www.hyyruveski.ee\/fi\/","title":{"rendered":"Etusivu"},"content":{"rendered":"\t<div   class=\"vc_row wpb_row vc_row-fluid uudisebg  \"   >\n\t\t\t\t<div class=\"inner_wrap\">\n\t\t\t<div class=\"clearfix inner_wrap_margins \"><div class=\"wpb_column vc_column_container vc_col-sm-8\"><div class=\"wpb_wrapper\">\n\t<div class=\"wpb_text_column wpb_content_element \">\n\t\t<div class=\"wpb_wrapper\">\n\t\t\t<h1>H\u00fc\u00fcru\u00a0<strong>myllyn kievari Forelligrilli<\/strong>\u00a0kutsuu vierailulle!<\/h1>\n\n\t\t<\/div> \n\t<\/div> \n\t<div class=\"wpb_text_column wpb_content_element  vc_custom_1459924742485\">\n\t\t<div class=\"wpb_wrapper\">\n\t\t\t<h3>Et varmasti kadu, kun tulet, koska meill\u00e4 voit:<\/h3>\n<ul>\n<li>Tutustua satoja vuosia vanhaan myllyyn ja sen laitteisiin;<\/li>\n<li>Kokeilla taimenen kalastusta;<\/li>\n<li>T\u00e4ytt\u00e4\u00e4 vatsasi maukkailla, suurilla ja edullisilla annoksilla;<\/li>\n<li>Maistella herkullisia juomia;<\/li>\n<li>Ammentaa voimia vanhan myllyn muureista ja joen pulinasta;<\/li>\n<li>Nauttia el\u00e4v\u00e4st\u00e4 tulesta ja takan l\u00e4mm\u00f6st\u00e4<\/li>\n<\/ul>\n\n\t\t<\/div> \n\t<\/div> <\/div><\/div><div class=\"uudised wpb_column vc_column_container vc_col-sm-4 vc_custom_1441196688737\"><div class=\"wpb_wrapper\"><div class=\"vc_row wpb_row vc_inner vc_row-fluid vc_custom_1441126467318\"><div class=\"wpb_column vc_column_container vc_col-sm-3\"><div class=\"wpb_wrapper\">\n\t<div class=\"wpb_single_image wpb_content_element vc_align_center\">\n\t\t<div class=\"wpb_wrapper\">\n\t\t\t\n\t\t\t<div class=\"vc_single_image-wrapper   vc_box_border_grey\"><img loading=\"lazy\" decoding=\"async\" class=\"vc_single_image-img \" src=\"http:\/\/www.hyyruveski.ee\/wp-content\/uploads\/2015\/09\/ikoon.png\" width=\"39\" height=\"39\" alt=\"ikoon\" title=\"ikoon\"\" \/><\/div>\n\t\t<\/div> \n\t<\/div> <\/div><\/div><div class=\"wpb_column vc_column_container vc_col-sm-9\"><div class=\"wpb_wrapper\">\n\t<div class=\"wpb_text_column wpb_content_element \">\n\t\t<div class=\"wpb_wrapper\">\n\t\t\t<h3>UUDISED JA ERIPAKKUMISED<\/h3>\n\n\t\t<\/div> \n\t<\/div> <\/div><\/div><\/div><div class=\"vc_row wpb_row vc_inner vc_row-fluid uudis\"><div class=\"wpb_column vc_column_container vc_col-sm-2\"><div class=\"wpb_wrapper\">\n\t<div class=\"wpb_single_image wpb_content_element vc_align_left\">\n\t\t<div class=\"wpb_wrapper\">\n\t\t\t\n\t\t\t<div class=\"vc_single_image-wrapper   vc_box_border_grey\"><img loading=\"lazy\" decoding=\"async\" class=\"vc_single_image-img \" src=\"http:\/\/www.hyyruveski.ee\/wp-content\/uploads\/2015\/09\/nool.png\" width=\"10\" height=\"21\" alt=\"nool\" title=\"nool\"\" \/><\/div>\n\t\t<\/div> \n\t<\/div> <\/div><\/div><div class=\"wpb_column vc_column_container vc_col-sm-10\"><div class=\"wpb_wrapper\">\n\t<div class=\"wpb_text_column wpb_content_element \">\n\t\t<div class=\"wpb_wrapper\">\n\t\t\t\n\t\t<\/div> \n\t<\/div> <\/div><\/div><\/div><div class=\"vc_row wpb_row vc_inner vc_row-fluid uudis_last\"><div class=\"wpb_column vc_column_container vc_col-sm-2\"><div class=\"wpb_wrapper\">\n\t<div class=\"wpb_single_image wpb_content_element vc_align_left\">\n\t\t<div class=\"wpb_wrapper\">\n\t\t\t\n\t\t\t<div class=\"vc_single_image-wrapper   vc_box_border_grey\"><img loading=\"lazy\" decoding=\"async\" class=\"vc_single_image-img \" src=\"http:\/\/www.hyyruveski.ee\/wp-content\/uploads\/2015\/09\/nool.png\" width=\"10\" height=\"21\" alt=\"nool\" title=\"nool\"\" \/><\/div>\n\t\t<\/div> \n\t<\/div> <\/div><\/div><div class=\"wpb_column vc_column_container vc_col-sm-10\"><div class=\"wpb_wrapper\">\n\t<div class=\"wpb_text_column wpb_content_element \">\n\t\t<div class=\"wpb_wrapper\">\n\t\t\t<p>Olgugi ilm jahe, vali tuul \u2013 Tule kalale suvekuul! Meilt saad \u00f5nge ja s\u00f6\u00f6da ka, Kala p\u00fc\u00fctud ja grillima! Katame laua parima, lookas, v\u00e4rske ja l\u00f5hnava&#8230;<\/p>\n\n\t\t<\/div> \n\t<\/div> <\/div><\/div><\/div><\/div><\/div><\/div>\n        <\/div>    \n\t<\/div>\t<div   class=\"vc_row wpb_row vc_row-fluid vc_custom_1441177499851 vc_row-no-padding  \"   >\n\t\t\t\t<div class=\"inner_wrap\">\n\t\t\t<div class=\"clearfix inner_wrap_margins row_align_left\"><div class=\"wpb_column vc_column_container vc_col-sm-8\"><div class=\"wpb_wrapper\">\n\t<div class=\"wpb_text_column wpb_content_element \">\n\t\t<div class=\"wpb_wrapper\">\n\t\t\t<p><strong>\u201cH\u00fc\u00fcru k\u00fcla \u2013 HIURENKYLAE &#8211; mainiti esimest korda juba Taani Hindamisraamatu Eestimaa nimistus 1241. aastal<\/strong><\/p>\n\n\t\t<\/div> \n\t<\/div> <div class=\"vc_row wpb_row vc_inner vc_row-fluid vc_custom_1441135435218\"><div class=\"menyy wpb_column vc_column_container vc_col-sm-4\"><div class=\"wpb_wrapper\">\n\t<div class=\"wpb_text_column wpb_content_element  menyy2\">\n\t\t<div class=\"wpb_wrapper\">\n\t\t\t<p style=\"text-align: center;\"><a class=\"avanupp\" href=\"http:\/\/www.hyyruveski.ee\/menuu\/\">MEN\u00dc\u00dc<\/a><\/p>\n\n\t\t<\/div> \n\t<\/div> <\/div><\/div><div class=\"galerii wpb_column vc_column_container vc_col-sm-4\"><div class=\"wpb_wrapper\">\n\t<div class=\"wpb_text_column wpb_content_element  menyy2\">\n\t\t<div class=\"wpb_wrapper\">\n\t\t\t<p style=\"text-align: center;\"><a class=\"avanupp\" href=\"http:\/\/www.hyyruveski.ee\/pildigalerii\/\">GALERII<\/a><\/p>\n\n\t\t<\/div> \n\t<\/div> <\/div><\/div><div class=\"rent wpb_column vc_column_container vc_col-sm-4\"><div class=\"wpb_wrapper\">\n\t<div class=\"wpb_text_column wpb_content_element  menyy2\">\n\t\t<div class=\"wpb_wrapper\">\n\t\t\t<p style=\"text-align: center;\"><a class=\"avanupp\" href=\"http:\/\/www.hyyruveski.ee\/broneerimine\/\">RUUMIDE RENT<\/a><\/p>\n\n\t\t<\/div> \n\t<\/div> <\/div><\/div><\/div>\n\t<div class=\"wpb_text_column wpb_content_element  lingid\">\n\t\t<div class=\"wpb_wrapper\">\n\t\t\t<h3>H\u00dc\u00dcRU VESKI Kinkekaardid n\u00fc\u00fcd saadaval!<\/h3>\n<p>Kingi s\u00f5brale m\u00f5nus elamus ja t\u00e4is k\u00f5ht meie lahedas forelligrillis! Vaata kinkekaardi lisa <span style=\"color: #ff6600;\"><a href=\"http:\/\/www.hyyruveski.ee\/kinkekaart\/\">siit<\/a> <\/span><\/p>\n<p><strong>Loe ka:<\/strong> <a href=\"http:\/\/www.hyyruveski.ee\/kulastaja-abc\/\">K\u00fclastaja ABC<\/a> | <a href=\"http:\/\/www.hyyruveski.ee\/kalastaja-abc\/\">Kalastaja ABC<\/a><\/p>\n\n\t\t<\/div> \n\t<\/div> <\/div><\/div><div class=\"wpb_column vc_column_container vc_col-sm-4\"><div class=\"wpb_wrapper\">\n\t<div class=\"wpb_text_column wpb_content_element \">\n\t\t<div class=\"wpb_wrapper\">\n\t\t\t\n\t\t<\/div> \n\t<\/div> <\/div><\/div><\/div>\n        <\/div>    \n\t<\/div>\n","protected":false},"excerpt":{"rendered":"H\u00fc\u00fcru\u00a0myllyn kievari Forelligrilli\u00a0kutsuu vierailulle! Et varmasti kadu, kun tulet, koska meill\u00e4 voit: Tutustua satoja vuosia vanhaan myllyyn ja sen laitteisiin; Kokeilla taimenen kalastusta; T\u00e4ytt\u00e4\u00e4 vatsasi maukkailla, suurilla ja edullisilla annoksilla; Maistella herkullisia juomia; Ammentaa voimia vanhan myllyn muureista ja joen [...]","protected":false},"author":1,"featured_media":0,"parent":0,"menu_order":0,"comment_status":"open","ping_status":"open","template":"page-full.php","meta":{"footnotes":""},"_links":{"self":[{"href":"http:\/\/www.hyyruveski.ee\/fi\/wp-json\/wp\/v2\/pages\/228"}],"collection":[{"href":"http:\/\/www.hyyruveski.ee\/fi\/wp-json\/wp\/v2\/pages"}],"about":[{"href":"http:\/\/www.hyyruveski.ee\/fi\/wp-json\/wp\/v2\/types\/page"}],"author":[{"embeddable":true,"href":"http:\/\/www.hyyruveski.ee\/fi\/wp-json\/wp\/v2\/users\/1"}],"replies":[{"embeddable":true,"href":"http:\/\/www.hyyruveski.ee\/fi\/wp-json\/wp\/v2\/comments?post=228"}],"version-history":[{"count":8,"href":"http:\/\/www.hyyruveski.ee\/fi\/wp-json\/wp\/v2\/pages\/228\/revisions"}],"predecessor-version":[{"id":439,"href":"http:\/\/www.hyyruveski.ee\/fi\/wp-json\/wp\/v2\/pages\/228\/revisions\/439"}],"wp:attachment":[{"href":"http:\/\/www.hyyruveski.ee\/fi\/wp-json\/wp\/v2\/media?parent=228"}],"curies":[{"name":"wp","href":"https:\/\/api.w.org\/{rel}","templated":true}]}}