{"id":230,"date":"2015-09-02T13:34:33","date_gmt":"2015-09-02T13:34:33","guid":{"rendered":"http:\/\/www.hyyruveski.ee\/?page_id=230&#038;lang=ru"},"modified":"2019-04-29T10:04:19","modified_gmt":"2019-04-29T10:04:19","slug":"%d0%b3%d0%bb%d0%b0%d0%b2%d0%bd%d0%b0%d1%8f","status":"publish","type":"page","link":"http:\/\/www.hyyruveski.ee\/ru\/","title":{"rendered":"\u0413\u043b\u0430\u0432\u043d\u0430\u044f"},"content":{"rendered":"\t<div   class=\"vc_row wpb_row vc_row-fluid uudisebg  \"   >\n\t\t\t\t<div class=\"inner_wrap\">\n\t\t\t<div class=\"clearfix inner_wrap_margins \"><div class=\"wpb_column vc_column_container vc_col-sm-8\"><div class=\"wpb_wrapper\">\n\t<div class=\"wpb_text_column wpb_content_element \">\n\t\t<div class=\"wpb_wrapper\">\n\t\t\t<h1>\u0422\u0440\u0430\u043a\u0442\u0438\u0440 <strong>H\u00fc\u00fcru Veski Forelligrill <\/strong>\u043f\u0440\u0438\u0433\u043b\u0430\u0448\u0430\u0435\u0442 \u0432 \u0433\u043e\u0441\u0442\u0438!<\/h1>\n\n\t\t<\/div> \n\t<\/div> \n\t<div class=\"wpb_text_column wpb_content_element  vc_custom_1459924647132\">\n\t\t<div class=\"wpb_wrapper\">\n\t\t\t<h3>\u0412\u044b \u043d\u0435 \u043f\u043e\u0436\u0430\u043b\u0435\u0435\u0442\u0435 \u043e \u0441\u0432\u043e\u0435\u043c \u0432\u0438\u0437\u0438\u0442\u0435, \u043f\u043e\u0442\u043e\u043c\u0443 \u0447\u0442\u043e \u0437\u0434\u0435\u0441\u044c \u043c\u043e\u0436\u043d\u043e:<\/h3>\n<ul>\n<li>\u041f\u043e\u0441\u043c\u043e\u0442\u0440\u0435\u0442\u044c \u043d\u0430 \u043f\u043e\u0441\u0442\u0440\u043e\u0435\u043d\u043d\u0443\u044e \u043c\u043d\u043e\u0433\u043e \u0432\u0435\u043a\u043e\u0432 \u043d\u0430\u0437\u0430\u0434 \u043c\u0435\u043b\u044c\u043d\u0438\u0446\u0443 \u0438 \u0435\u0435 \u043c\u0435\u0445\u0430\u043d\u0438\u0437\u043c\u044b<\/li>\n<li>\u0418\u0441\u043f\u044b\u0442\u0430\u0442\u044c \u0441\u0432\u043e\u0438 \u0441\u0438\u043b\u044b \u0432 \u043b\u043e\u0432\u043b\u0435 \u0444\u043e\u0440\u0435\u043b\u0438<\/li>\n<li>\u041e\u0442\u0432\u0435\u0434\u0430\u0442\u044c \u0432\u043a\u0443\u0441\u043d\u044b\u0435 \u0431\u043b\u044e\u0434\u0430 \u0432 \u0431\u043e\u043b\u044c\u0448\u0438\u0445 \u043f\u043e\u0440\u0446\u0438\u044f\u0445 \u0438 \u043f\u043e \u043f\u0440\u0438\u0435\u043c\u043b\u0435\u043c\u043e\u0439 \u0446\u0435\u043d\u0435<\/li>\n<li>\u041f\u043e\u0437\u0432\u043e\u043b\u0438\u0442\u044c \u0441\u0435\u0431\u0435 \u043f\u0440\u0438\u044f\u0442\u043d\u043e\u0435 \u043e\u043f\u044c\u044f\u043d\u0435\u043d\u0438\u0435 \u0432\u043e\u0441\u0445\u0438\u0442\u0438\u0442\u0435\u043b\u044c\u043d\u044b\u043c\u0438 \u043d\u0430\u043f\u0438\u0442\u043a\u0430\u043c\u0438<\/li>\n<li>\u0417\u0430\u0440\u044f\u0434\u0438\u0442\u044c\u0441\u044f \u0436\u0438\u0437\u043d\u0435\u043d\u043d\u043e\u0439 \u044d\u043d\u0435\u0440\u0433\u0438\u0435\u0439 \u043e\u0442 \u0441\u0442\u0435\u043d \u0441\u0442\u0430\u0440\u043e\u0439 \u043c\u0435\u043b\u044c\u043d\u0438\u0446\u044b \u0438 \u0436\u0443\u0440\u0447\u0430\u043d\u0438\u044f \u0440\u0435\u043a\u0438<\/li>\n<li>\u041d\u0430\u0441\u043b\u0430\u0434\u0438\u0442\u044c\u0441\u044f \u0432\u0438\u0434\u043e\u043c \u0436\u0438\u0432\u043e\u0433\u043e \u043e\u0433\u043d\u044f \u0438 \u043f\u043e\u0433\u0440\u0435\u0442\u044c\u0441\u044f \u0443 \u043a\u0430\u043c\u0438\u043d\u0430<\/li>\n<\/ul>\n\n\t\t<\/div> \n\t<\/div> <\/div><\/div><div class=\"uudised wpb_column vc_column_container vc_col-sm-4 vc_custom_1441196688737\"><div class=\"wpb_wrapper\"><div class=\"vc_row wpb_row vc_inner vc_row-fluid vc_custom_1441126467318\"><div class=\"wpb_column vc_column_container vc_col-sm-3\"><div class=\"wpb_wrapper\">\n\t<div class=\"wpb_single_image wpb_content_element vc_align_center\">\n\t\t<div class=\"wpb_wrapper\">\n\t\t\t\n\t\t\t<div class=\"vc_single_image-wrapper   vc_box_border_grey\"><img loading=\"lazy\" decoding=\"async\" class=\"vc_single_image-img \" src=\"http:\/\/www.hyyruveski.ee\/wp-content\/uploads\/2015\/09\/ikoon.png\" width=\"39\" height=\"39\" alt=\"ikoon\" title=\"ikoon\"\" \/><\/div>\n\t\t<\/div> \n\t<\/div> <\/div><\/div><div class=\"wpb_column vc_column_container vc_col-sm-9\"><div class=\"wpb_wrapper\">\n\t<div class=\"wpb_text_column wpb_content_element \">\n\t\t<div class=\"wpb_wrapper\">\n\t\t\t<h3>UUDISED JA ERIPAKKUMISED<\/h3>\n\n\t\t<\/div> \n\t<\/div> <\/div><\/div><\/div><div class=\"vc_row wpb_row vc_inner vc_row-fluid uudis\"><div class=\"wpb_column vc_column_container vc_col-sm-2\"><div class=\"wpb_wrapper\">\n\t<div class=\"wpb_single_image wpb_content_element vc_align_left\">\n\t\t<div class=\"wpb_wrapper\">\n\t\t\t\n\t\t\t<div class=\"vc_single_image-wrapper   vc_box_border_grey\"><img loading=\"lazy\" decoding=\"async\" class=\"vc_single_image-img \" src=\"http:\/\/www.hyyruveski.ee\/wp-content\/uploads\/2015\/09\/nool.png\" width=\"10\" height=\"21\" alt=\"nool\" title=\"nool\"\" \/><\/div>\n\t\t<\/div> \n\t<\/div> <\/div><\/div><div class=\"wpb_column vc_column_container vc_col-sm-10\"><div class=\"wpb_wrapper\">\n\t<div class=\"wpb_text_column wpb_content_element \">\n\t\t<div class=\"wpb_wrapper\">\n\t\t\t\n\t\t<\/div> \n\t<\/div> <\/div><\/div><\/div><div class=\"vc_row wpb_row vc_inner vc_row-fluid uudis_last\"><div class=\"wpb_column vc_column_container vc_col-sm-2\"><div class=\"wpb_wrapper\">\n\t<div class=\"wpb_single_image wpb_content_element vc_align_left\">\n\t\t<div class=\"wpb_wrapper\">\n\t\t\t\n\t\t\t<div class=\"vc_single_image-wrapper   vc_box_border_grey\"><img loading=\"lazy\" decoding=\"async\" class=\"vc_single_image-img \" src=\"http:\/\/www.hyyruveski.ee\/wp-content\/uploads\/2015\/09\/nool.png\" width=\"10\" height=\"21\" alt=\"nool\" title=\"nool\"\" \/><\/div>\n\t\t<\/div> \n\t<\/div> <\/div><\/div><div class=\"wpb_column vc_column_container vc_col-sm-10\"><div class=\"wpb_wrapper\">\n\t<div class=\"wpb_text_column wpb_content_element \">\n\t\t<div class=\"wpb_wrapper\">\n\t\t\t<p>Olgugi ilm jahe, vali tuul \u2013 Tule kalale suvekuul! Meilt saad \u00f5nge ja s\u00f6\u00f6da ka, Kala p\u00fc\u00fctud ja grillima! Katame laua parima, lookas, v\u00e4rske ja l\u00f5hnava&#8230;<\/p>\n\n\t\t<\/div> \n\t<\/div> <\/div><\/div><\/div><\/div><\/div><\/div>\n        <\/div>    \n\t<\/div>\t<div   class=\"vc_row wpb_row vc_row-fluid vc_custom_1441177499851 vc_row-no-padding  \"   >\n\t\t\t\t<div class=\"inner_wrap\">\n\t\t\t<div class=\"clearfix inner_wrap_margins row_align_left\"><div class=\"wpb_column vc_column_container vc_col-sm-8\"><div class=\"wpb_wrapper\">\n\t<div class=\"wpb_text_column wpb_content_element \">\n\t\t<div class=\"wpb_wrapper\">\n\t\t\t<p><strong>\u201cH\u00fc\u00fcru k\u00fcla \u2013 HIURENKYLAE &#8211; mainiti esimest korda juba Taani Hindamisraamatu Eestimaa nimistus 1241. aastal<\/strong><\/p>\n\n\t\t<\/div> \n\t<\/div> <div class=\"vc_row wpb_row vc_inner vc_row-fluid vc_custom_1441135435218\"><div class=\"menyy wpb_column vc_column_container vc_col-sm-4\"><div class=\"wpb_wrapper\">\n\t<div class=\"wpb_text_column wpb_content_element  menyy2\">\n\t\t<div class=\"wpb_wrapper\">\n\t\t\t<p style=\"text-align: center;\"><a class=\"avanupp\" href=\"http:\/\/www.hyyruveski.ee\/menuu\/\">MEN\u00dc\u00dc<\/a><\/p>\n\n\t\t<\/div> \n\t<\/div> <\/div><\/div><div class=\"galerii wpb_column vc_column_container vc_col-sm-4\"><div class=\"wpb_wrapper\">\n\t<div class=\"wpb_text_column wpb_content_element  menyy2\">\n\t\t<div class=\"wpb_wrapper\">\n\t\t\t<p style=\"text-align: center;\"><a class=\"avanupp\" href=\"http:\/\/www.hyyruveski.ee\/pildigalerii\/\">GALERII<\/a><\/p>\n\n\t\t<\/div> \n\t<\/div> <\/div><\/div><div class=\"rent wpb_column vc_column_container vc_col-sm-4\"><div class=\"wpb_wrapper\">\n\t<div class=\"wpb_text_column wpb_content_element  menyy2\">\n\t\t<div class=\"wpb_wrapper\">\n\t\t\t<p style=\"text-align: center;\"><a class=\"avanupp\" href=\"http:\/\/www.hyyruveski.ee\/broneerimine\/\">RUUMIDE RENT<\/a><\/p>\n\n\t\t<\/div> \n\t<\/div> <\/div><\/div><\/div>\n\t<div class=\"wpb_text_column wpb_content_element  lingid\">\n\t\t<div class=\"wpb_wrapper\">\n\t\t\t<h3>H\u00dc\u00dcRU VESKI Kinkekaardid n\u00fc\u00fcd saadaval!<\/h3>\n<p>Kingi s\u00f5brale m\u00f5nus elamus ja t\u00e4is k\u00f5ht meie lahedas forelligrillis! Vaata kinkekaardi lisa <span style=\"color: #ff6600;\"><a href=\"http:\/\/www.hyyruveski.ee\/kinkekaart\/\">siit<\/a> <\/span> <strong>Loe ka:<\/strong> <a href=\"http:\/\/www.hyyruveski.ee\/kulastaja-abc\/\">K\u00fclastaja ABC<\/a> | <a href=\"http:\/\/www.hyyruveski.ee\/kalastaja-abc\/\">Kalastaja ABC<\/a><\/p>\n\n\t\t<\/div> \n\t<\/div> <\/div><\/div><div class=\"wpb_column vc_column_container vc_col-sm-4\"><div class=\"wpb_wrapper\">\n\t<div class=\"wpb_text_column wpb_content_element \">\n\t\t<div class=\"wpb_wrapper\">\n\t\t\t\n\t\t<\/div> \n\t<\/div> <\/div><\/div><\/div>\n        <\/div>    \n\t<\/div>\n","protected":false},"excerpt":{"rendered":"\u0422\u0440\u0430\u043a\u0442\u0438\u0440 H\u00fc\u00fcru Veski Forelligrill \u043f\u0440\u0438\u0433\u043b\u0430\u0448\u0430\u0435\u0442 \u0432 \u0433\u043e\u0441\u0442\u0438! \u0412\u044b \u043d\u0435 \u043f\u043e\u0436\u0430\u043b\u0435\u0435\u0442\u0435 \u043e \u0441\u0432\u043e\u0435\u043c \u0432\u0438\u0437\u0438\u0442\u0435, \u043f\u043e\u0442\u043e\u043c\u0443 \u0447\u0442\u043e \u0437\u0434\u0435\u0441\u044c \u043c\u043e\u0436\u043d\u043e: \u041f\u043e\u0441\u043c\u043e\u0442\u0440\u0435\u0442\u044c \u043d\u0430 \u043f\u043e\u0441\u0442\u0440\u043e\u0435\u043d\u043d\u0443\u044e \u043c\u043d\u043e\u0433\u043e \u0432\u0435\u043a\u043e\u0432 \u043d\u0430\u0437\u0430\u0434 \u043c\u0435\u043b\u044c\u043d\u0438\u0446\u0443 \u0438 \u0435\u0435 \u043c\u0435\u0445\u0430\u043d\u0438\u0437\u043c\u044b \u0418\u0441\u043f\u044b\u0442\u0430\u0442\u044c \u0441\u0432\u043e\u0438 \u0441\u0438\u043b\u044b \u0432 \u043b\u043e\u0432\u043b\u0435 \u0444\u043e\u0440\u0435\u043b\u0438 \u041e\u0442\u0432\u0435\u0434\u0430\u0442\u044c \u0432\u043a\u0443\u0441\u043d\u044b\u0435 \u0431\u043b\u044e\u0434\u0430 \u0432 \u0431\u043e\u043b\u044c\u0448\u0438\u0445 \u043f\u043e\u0440\u0446\u0438\u044f\u0445 \u0438 [...]","protected":false},"author":1,"featured_media":0,"parent":0,"menu_order":0,"comment_status":"open","ping_status":"open","template":"page-full.php","meta":{"footnotes":""},"_links":{"self":[{"href":"http:\/\/www.hyyruveski.ee\/ru\/wp-json\/wp\/v2\/pages\/230"}],"collection":[{"href":"http:\/\/www.hyyruveski.ee\/ru\/wp-json\/wp\/v2\/pages"}],"about":[{"href":"http:\/\/www.hyyruveski.ee\/ru\/wp-json\/wp\/v2\/types\/page"}],"author":[{"embeddable":true,"href":"http:\/\/www.hyyruveski.ee\/ru\/wp-json\/wp\/v2\/users\/1"}],"replies":[{"embeddable":true,"href":"http:\/\/www.hyyruveski.ee\/ru\/wp-json\/wp\/v2\/comments?post=230"}],"version-history":[{"count":8,"href":"http:\/\/www.hyyruveski.ee\/ru\/wp-json\/wp\/v2\/pages\/230\/revisions"}],"predecessor-version":[{"id":437,"href":"http:\/\/www.hyyruveski.ee\/ru\/wp-json\/wp\/v2\/pages\/230\/revisions\/437"}],"wp:attachment":[{"href":"http:\/\/www.hyyruveski.ee\/ru\/wp-json\/wp\/v2\/media?parent=230"}],"curies":[{"name":"wp","href":"https:\/\/api.w.org\/{rel}","templated":true}]}}