{"id":323,"date":"2016-04-06T09:32:44","date_gmt":"2016-04-06T09:32:44","guid":{"rendered":"http:\/\/www.hyyruveski.ee\/ru\/?page_id=323"},"modified":"2016-04-06T09:32:44","modified_gmt":"2016-04-06T09:32:44","slug":"%d0%b0%d0%b7%d0%b1%d1%83%d0%ba%d0%b0-%d1%80%d1%8b%d0%b1%d0%be%d0%bb%d0%be%d0%b2%d0%b0","status":"publish","type":"page","link":"http:\/\/www.hyyruveski.ee\/ru\/%d0%b0%d0%b7%d0%b1%d1%83%d0%ba%d0%b0-%d1%80%d1%8b%d0%b1%d0%be%d0%bb%d0%be%d0%b2%d0%b0\/","title":{"rendered":"\u0410\u0437\u0431\u0443\u043a\u0430 \u0440\u044b\u0431\u043e\u043b\u043e\u0432\u0430"},"content":{"rendered":"\t<div   class=\"vc_row wpb_row vc_row-fluid  \"   >\n\t\t\t\t<div class=\"inner_wrap\">\n\t\t\t<div class=\"clearfix inner_wrap_margins \"><div class=\"wpb_column vc_column_container vc_col-sm-12\"><div class=\"wpb_wrapper\">\n\t<div class=\"wpb_text_column wpb_content_element \">\n\t\t<div class=\"wpb_wrapper\">\n\t\t\t<p>\u041f\u043e\u0441\u043a\u043e\u043b\u044c\u043a\u0443 \u043d\u0430\u0448 \u043f\u0440\u0443\u0434 \u043c\u0430\u043b\u0435\u043d\u044c\u043a\u0438\u0439, \u0442\u043e \u0437\u0430 \u043e\u0434\u0438\u043d \u0440\u0430\u0437 \u043c\u043e\u0436\u043d\u043e \u0438\u0441\u043f\u043e\u043b\u044c\u0437\u043e\u0432\u0430\u0442\u044c \u0434\u043e 5 \u0443\u0434\u043e\u0447\u0435\u043a, \u0441\u0432\u043e\u0431\u043e\u0434\u043d\u044b\u0435 \u0443\u0434\u043e\u0447\u043a\u0438 \u0441\u0442\u043e\u044f\u0442 \u0432 \u043f\u0440\u043e\u0434\u0435\u043b\u0430\u043d\u043d\u044b\u0445 \u0432 \u043e\u0433\u0440\u0430\u0436\u0434\u0435\u043d\u0438\u044f\u0445 \u043f\u0440\u0443\u0434\u0430 \u043e\u0442\u0432\u0435\u0440\u0441\u0442\u0438\u044f\u0445, \u0440\u044f\u0434\u043e\u043c \u043d\u0430\u0445\u043e\u0434\u0438\u0442\u0441\u044f \u043d\u0430\u0436\u0438\u0432\u043a\u0430. \u0415\u0441\u043b\u0438 \u0447\u0442\u043e-\u0442\u043e \u0438\u0437 \u044d\u0442\u043e\u0433\u043e \u043e\u0442\u0441\u0443\u0442\u0441\u0442\u0432\u0443\u0435\u0442, \u043e\u0431\u0440\u0430\u0442\u0438\u0442\u0435\u0441\u044c \u043a \u0433\u0440\u0438\u043b\u044c-\u043f\u043e\u0432\u0430\u0440\u0443, \u0435\u0441\u043b\u0438 \u0442\u0440\u0435\u0431\u0443\u0435\u0442\u0441\u044f \u043f\u043e\u043c\u043e\u0449\u044c \u0438\u043b\u0438 \u0441\u043e\u0432\u0435\u0442 \u043f\u043e \u043b\u043e\u0432\u043b\u0435 \u0440\u044b\u0431\u044b, \u0442\u0430\u043a\u0436\u0435 \u043e\u0431\u0440\u0430\u0442\u0438\u0442\u0435\u0441\u044c \u043a \u0433\u0440\u0438\u043b\u044c-\u043f\u043e\u0432\u0430\u0440\u0443 \u0438\u043b\u0438\u00a0 \u043f\u043e\u043c\u043e\u0449\u043d\u0438\u043a\u0443 \u043f\u043e \u0440\u044b\u0431\u0435. \u041a\u0440\u043e\u043c\u0435 \u043d\u0430\u0436\u0438\u0432\u043a\u0438 \u0438 \u0443\u0434\u043e\u0447\u043a\u0438, \u0412\u0430\u043c \u0442\u0440\u0435\u0431\u0443\u0435\u0442\u0441\u044f \u0441\u0430\u0447\u043e\u043a, \u043e\u043d\u0438 \u043d\u0430\u0445\u043e\u0434\u044f\u0442\u0441\u044f \u0440\u0430\u0434\u043e\u043c \u0441 \u043f\u0435\u0447\u044c\u044e \u0433\u0440\u0438\u043b\u044c. \u0423\u0434\u043e\u0447\u043a\u0443 \u043b\u0443\u0447\u0448\u0435 \u0432\u0441\u0435\u0433\u043e \u0437\u0430\u0431\u0440\u0430\u0441\u044b\u0432\u0430\u0442\u044c \u0432 \u043c\u0435\u0441\u0442\u0430\u0445 \u0441 \u043d\u0438\u0437\u043a\u0438\u043c \u043e\u0433\u0440\u0430\u0436\u0434\u0435\u043d\u0438\u0435\u043c, \u043f\u043e\u0442\u043e\u043c\u0443 \u0447\u0442\u043e \u0442\u0430\u043c \u043f\u0440\u043e\u0449\u0435 \u0432\u0441\u0435\u0433\u043e \u0432\u044b\u0442\u0430\u0449\u0438\u0442\u044c \u0423\u0441\u0442\u0430\u043d\u043e\u0432\u0438\u0442\u0435 \u043f\u043e\u043f\u043b\u0430\u0432\u043e\u043a \u043f\u0440\u0438\u043c\u0435\u0440\u043d\u043e\u043d\u0430 1 \u043c, \u043d\u0430\u0441\u0430\u0434\u0438\u0442\u0435 \u043d\u0430\u0436\u0438\u0432\u043a\u0443 \u043d\u0430 \u043a\u0440\u044e\u0447\u043e\u043a (\u043b\u0443\u0447\u0448\u0435 \u0432\u0441\u0435\u0433\u043e \u043a\u043b\u044e\u0451\u0442 \u043d\u0430 \u043a\u0443\u0441\u043e\u043a \u0440\u044b\u0431\u044b \u0438\u043b\u0438\u043a\u0440\u0435\u0432\u0435\u0442\u043a\u0438) \u0438 \u043d\u0430\u0447\u0438\u043d\u0430\u0439\u0442\u0435 \u043b\u043e\u0432\u0438\u0442\u044c. \u041f\u0440\u0438 \u0443\u0445\u043e\u0434\u0435 \u043f\u043e\u043f\u043b\u0430\u0432\u043a\u0430 \u043f\u043e\u0434 \u0432\u043e\u0434\u0443 \u043d\u0443\u0436\u043d\u043e \u0441\u0440\u0430\u0437\u0443 \u043f\u043e\u0434\u0441\u0435\u043a\u0430\u0442\u044c \u0440\u044b\u0431\u0443 \u0440\u0435\u0437\u043a\u0438\u043c \u0440\u044b\u0432\u043a\u043e\u043c \u0432\u0432\u0435\u0440\u0445, \u043f\u043e\u043c\u043d\u044f, \u0447\u0442\u043e \u0412\u044b \u0438\u043c\u0435\u0435\u0442\u0435 \u0434\u0435\u043b\u043e \u0441 \u043d\u0435\u0436\u043d\u043e\u0439, \u043d\u043e \u0442\u044f\u0436\u0435\u043b\u043e\u0439 \u0444\u043e\u0440\u0435\u043b\u044c\u044e. \u0420\u044b\u0431\u0443 \u043d\u0443\u0436\u043d\u043e \u0443\u0442\u043e\u043c\u0438\u0442\u044c \u0432 \u0432\u043e\u0434\u0435 \u0438 \u043f\u043e\u0442\u0438\u0445\u043e\u043d\u044c\u043a\u0443 \u0432\u0435\u0441\u0442\u0438 \u0431\u043b\u0438\u0436\u0435 \u043a \u0431\u0435\u0440\u0435\u0433\u0443, \u043d\u0430 \u0440\u0430\u0441\u0441\u0442\u043e\u044f\u043d\u0438\u0435, \u043a\u0443\u0434\u0430 \u043c\u043e\u0436\u043d\u043e \u0434\u043e\u0442\u044f\u043d\u0443\u0442\u044c\u0441\u044f \u0441\u0430\u0447\u043a\u043e\u043c. \u0412\u044b\u0442\u0430\u0441\u043a\u0438\u0432\u0430\u0439\u0442\u0435 \u0440\u044b\u0431\u0443 \u0442\u043e\u043b\u044c\u043a\u043e \u0441\u0430\u0447\u043a\u043e\u043c, \u043f\u0440\u0438 \u0432\u044b\u0442\u044f\u0433\u0438\u0432\u0430\u043d\u0438\u0438 \u0444\u043e\u0440\u0435\u043b\u0438 \u0438\u0437 \u0432\u043e\u0434\u044b \u0443\u0434\u043e\u0447\u043a\u043e\u0439, \u0440\u0432\u0451\u0442\u0441\u044f \u0440\u043e\u0442 \u0440\u044b\u0431\u044b \u0438\u043b\u0438 \u043b\u0435\u0441\u043a\u0430, \u043b\u043e\u043c\u0430\u0435\u0442\u0441\u044f \u043a\u0440\u044e\u0447\u043e\u043a. \u041f\u043e\u0440\u0430\u043d\u0435\u043d\u043d\u0430\u044f \u0440\u044b\u0431\u0430 \u043f\u043e\u0437\u0436\u0435 \u0443\u043c\u0438\u0440\u0430\u0435\u0442 \u0438, \u0440\u0430\u0437\u043b\u0430\u0433\u0430\u044f\u0441\u044c, \u0437\u0430\u0433\u0440\u044f\u0437\u043d\u044f\u0435\u0442 \u043f\u0440\u0443\u0434. \u041a\u043e\u0433\u0434\u0430 \u0412\u044b \u043f\u043e\u0434\u043d\u044f\u043b\u0438 \u0440\u044b\u0431\u0443 \u0441\u0430\u0447\u043a\u043e\u043c, \u0437\u043e\u0432\u0438\u0442\u0435 \u043d\u0430 \u043f\u043e\u043c\u043e\u0449\u044c \u0433\u0440\u0438\u043b\u044c-\u043f\u043e\u0432\u0430\u0440\u0430 \u0438\u043b\u0438, \u0435\u0441\u043b\u0438 \u0443 \u0432\u0430\u0441 \u0434\u043e\u0441\u0442\u0430\u0442\u043e\u0447\u043d\u043e \u0441\u0438\u043b, \u043d\u0435\u0441\u0438\u0442\u0435 \u0440\u044b\u0431\u0443 \u0433\u0440\u0438\u043b\u044c-\u043f\u043e\u0432\u0430\u0440\u0443 \u0441\u0430\u043c\u0438, \u043d\u0435 \u0432\u044b\u043d\u0438\u043c\u0430\u044f \u0438\u0437 \u0441\u0430\u0447\u043a\u0430. \u0412\u0430\u0448\u0443 \u0440\u044b\u0431\u0443 \u0432\u0437\u0432\u0435\u0441\u044f\u0442 \u0438 \u0432\u0430\u043c \u0434\u0430\u0434\u0443\u0442 \u0431\u0443\u043c\u0430\u0436\u043a\u0443 \u0441 \u0432\u0435\u0441\u043e\u043c \u0440\u044b\u0431\u044b, \u0438 \u0434\u0435\u0440\u0435\u0432\u044f\u043d\u043d\u044b\u0439 \u043d\u043e\u043c\u0435\u0440 \u0441\u0442\u043e\u043b\u0438\u043a\u0430. \u0414\u0430\u043b\u044c\u0448\u0435 \u043f\u0440\u043e\u0439\u0434\u0438\u0442\u0435 \u0432 \u0431\u0430\u0440, \u0433\u0434\u0435 \u0432\u044b \u0441\u043c\u043e\u0436\u0435\u0442\u0435 \u0437\u0430\u043f\u043b\u0430\u0442\u0438\u0442\u044c \u0437\u0430 \u0440\u044b\u0431\u0443 \u043d\u0430 \u043e\u0441\u043d\u043e\u0432\u0430\u043d\u0438\u0438 \u0432\u0435\u0441\u0430, \u0443\u043a\u0430\u0437\u0430\u043d\u043d\u043e\u0433\u043e \u0432 \u0431\u0443\u043c\u0430\u0436\u043a\u0435, \u0438, \u043f\u0440\u0438 \u0436\u0435\u043b\u0430\u043d\u0438\u0438, \u0437\u0430\u043a\u0430\u0437\u0430\u0442\u044c \u0434\u043e\u043f\u043e\u043b\u043d\u0438\u0442\u0435\u043b\u044c\u043d\u043e, \u0447\u0435\u0433\u043e \u0434\u0443\u0448\u0430 \u043f\u043e\u0436\u0435\u043b\u0430\u0435\u0442. \u041d\u043e\u043c\u0435\u0440 \u0441\u0442\u043e\u043b\u0438\u043a\u0430 \u043f\u043e\u043c\u0435\u0441\u0442\u0438\u0442\u0435 \u043d\u0430 \u0432\u0438\u0434\u043d\u043e\u043c \u043c\u0435\u0441\u0442\u0435, \u043d\u0430 \u0441\u0442\u043e\u043b\u0438\u043a\u0435, \u0433\u0434\u0435 \u0431\u0443\u0434\u0435\u0442\u0435 \u043d\u0430\u0441\u043b\u0430\u0436\u0434\u0430\u0442\u044c\u0441\u044f \u0440\u044b\u0431\u043e\u0439.<\/p>\n<p>1. \u0412\u043e\u0437\u044c\u043c\u0438\u0442\u0435 \u0443\u0434\u043e\u0447\u043a\u0443, \u043d\u0430\u0436\u0438\u0432\u043a\u0443 \u0438 \u0441\u0430\u0447\u043e\u043a<br \/>\n2. \u041d\u0430\u0441\u0430\u0434\u0438\u0442\u0435 \u043d\u0430\u0436\u0438\u0432\u043a\u0443 \u043d\u0430 \u043a\u0440\u044e\u0447\u043e\u043a<br \/>\n3. \u0418\u0434\u0438\u0442\u0435 \u043a \u043c\u0435\u0441\u0442\u0443 \u043b\u043e\u0432\u043b\u0438 \u0440\u044b\u0431\u044b<br \/>\n4. \u0417\u0430\u0431\u0440\u043e\u0441\u044c\u0442\u0435 \u0443\u0434\u043e\u0447\u043a\u0443 \u0432 \u0432\u043e\u0434\u0443 (\u043f\u043e\u043f\u043b\u0430\u0432\u043e\u043a \u0431\u0443\u0434\u0435\u0442 \u043f\u043b\u0430\u0432\u0430\u0442\u044c \u043d\u0430 \u043f\u043e\u0432\u0435\u0440\u0445\u043d\u043e\u0441\u0442\u0438)<br \/>\n5. \u0415\u0441\u043b\u0438 \u043f\u043e\u043f\u043b\u0430\u0432\u043e\u043a \u0443\u0442\u043e\u043d\u0435\u0442, \u043f\u043e\u0434\u0441\u0435\u043a\u0430\u0439\u0442\u0435 (\u043a\u043e\u0440\u043e\u0442\u043a\u0438\u0439 \u0441\u0438\u043b\u044c\u043d\u044b\u0439 \u0440\u044b\u0432\u043e\u043a)<br \/>\n6. \u041d\u0435 \u0432\u044b\u0442\u0430\u0441\u043a\u0438\u0432\u0430\u0439\u0442\u0435 \u0440\u044b\u0431\u0443 \u0438\u0437 \u0432\u043e\u0434\u044b \u0441 \u043f\u043e\u043c\u043e\u0449\u044c\u044e \u0443\u0434\u043e\u0447\u043a\u0438<br \/>\n7. \u0423\u0442\u043e\u043c\u0438\u0442\u0435 \u0440\u044b\u0431\u0443 \u0438 \u0437\u0430\u0445\u0432\u0430\u0442\u0438\u0442\u0435 \u0435\u0435 \u0441\u0430\u0447\u043a\u043e\u043c<br \/>\n8. \u0412\u044b\u0442\u0430\u0449\u0438\u0442\u0435 \u0440\u044b\u0431\u0443 \u0438\u0437 \u0432\u043e\u0434\u044b \u0441 \u043f\u043e\u043c\u043e\u0449\u044c\u044e \u0441\u0430\u0447\u043a\u0430<br \/>\n9. \u041e\u0442\u043d\u0435\u0441\u0438\u0442\u0435 \u0440\u044b\u0431\u0443 \u0433\u0440\u0438\u043b\u044c-\u043f\u043e\u0432\u0430\u0440\u0443, \u043d\u0435 \u0432\u044b\u043d\u0438\u043c\u0430\u044f \u0438\u0437 \u0441\u0430\u0447\u043a\u0430<br \/>\n10. \u0423 \u0433\u0440\u0438\u043b\u044f \u0440\u044b\u0431\u0443 \u0432\u0437\u0432\u0435\u0441\u044f\u0442<br \/>\n11. \u0422\u0430\u043c \u0436\u0435 \u043f\u043e\u043b\u0443\u0447\u0438\u0442\u0435 \u0431\u0443\u043c\u0430\u0436\u043a\u0443 \u0441 \u0432\u0435\u0441\u043e\u043c \u0440\u044b\u0431\u044b \u0438 \u0434\u0435\u0440\u0435\u0432\u044f\u043d\u043d\u044b\u0439 \u043d\u043e\u043c\u0435\u0440 \u0441\u0442\u043e\u043b\u0438\u043a\u0430<br \/>\n12. \u041e\u0442\u043d\u0435\u0441\u0438\u0442\u0435 \u0431\u0443\u043c\u0430\u0436\u043a\u0443 \u0441 \u0432\u0435\u0441\u043e\u043c \u0440\u044b\u0431\u044b \u0432 \u0431\u0430\u0440<br \/>\n13. \u041d\u043e\u043c\u0435\u0440 \u0441\u0442\u043e\u043b\u0438\u043a\u0430 \u043f\u043e\u043c\u0435\u0441\u0442\u0438\u0442\u0435 \u043d\u0430 \u0441\u0442\u043e\u043b\u0438\u043a\u0435 \u043d\u0430 \u0432\u0438\u0434\u043d\u043e\u0435 \u043c\u0435\u0441\u0442\u043e<br \/>\n14. \u041d\u0430\u0434\u0435\u0439\u0442\u0435\u0441\u044c, \u0447\u0442\u043e \u0432\u0441\u0435 \u043f\u0440\u043e\u0439\u0434\u0435\u0442 \u043e\u0442\u043b\u0438\u0447\u043d\u043e, \u0438 \u0412\u044b \u043f\u043e\u043b\u0443\u0447\u0438\u0442\u0435 \u043f\u0440\u0435\u043a\u0440\u0430\u0441\u043d\u043e\u0435 \u0436\u0430\u0440\u043a\u043e\u0435 \u043f\u0440\u0435\u0436\u0434\u0435, \u0447\u0435\u043c \u0443\u043c\u0440\u0435\u0442\u0435 \u043e\u0442 \u0433\u043e\u043b\u043e\u0434\u0430<\/p>\n\n\t\t<\/div> \n\t<\/div> <div class=\"vc_row wpb_row vc_inner vc_row-fluid vc_custom_1441189993327\"><div class=\"wpb_column vc_column_container vc_col-sm-6\"><div class=\"wpb_wrapper\">\n\t<div class=\"wpb_text_column wpb_content_element \">\n\t\t<div class=\"wpb_wrapper\">\n\t\t\t<ul>\n<li>L\u00fchidalt veel kord:<\/li>\n<li>V\u00f5ta \u00f5ng, s\u00f6\u00f6t ja kahv.<\/li>\n<li>Pane s\u00f6\u00f6t konksu otsa<\/li>\n<li>Mine kalap\u00fc\u00fcgi kohta<\/li>\n<li>Viska konks vette (kork j\u00e4\u00e4b vee peale ujuma)<\/li>\n<li>Kui kork vee alla vajub, haagi (l\u00fchike tugevam t\u00f5mme)<\/li>\n<li>\u00c4ra t\u00f5mba kala \u00f5nge abil veest v\u00e4lja v\u00f5i t\u00f5sta \u00f5hku<\/li>\n<li>V\u00e4sita kala \u00e4ra ja haara ta seej\u00e4rel kahvaga.<\/li>\n<li>T\u00f5sta kala kahva abil veest v\u00e4lja<\/li>\n<li>Vii kala kahvast v\u00f5tmata grillijale<\/li>\n<li>Grillis kala kaalutakse<\/li>\n<li>Grillist saad paberil kala kaalu ja puust laua numbri<\/li>\n<li>Kala kaal vii baari<\/li>\n<li>Laua number aseta lauale n\u00e4htavasse kohta<\/li>\n<li>J\u00e4\u00e4 lootma, et k\u00f5ik sujub ja Sa saad enne kui n\u00e4lg kurjaks teeb suurep\u00e4rase roa.<\/li>\n<\/ul>\n<p>&nbsp;<\/p>\n\n\t\t<\/div> \n\t<\/div> <\/div><\/div><div class=\"wpb_column vc_column_container vc_col-sm-6\"><div class=\"wpb_wrapper\">\n\t<div class=\"wpb_single_image wpb_content_element vc_custom_1441189985301 vc_align_center\">\n\t\t<div class=\"wpb_wrapper\">\n\t\t\t\n\t\t\t<div class=\"vc_single_image-wrapper   vc_box_border_grey\"><img loading=\"lazy\" decoding=\"async\" class=\"vc_single_image-img \" src=\"http:\/\/www.hyyruveski.ee\/wp-content\/uploads\/2015\/09\/pilt4.jpg\" width=\"720\" height=\"484\" alt=\"pilt4\" title=\"pilt4\"\" \/><\/div>\n\t\t<\/div> \n\t<\/div> <\/div><\/div><\/div><\/div><\/div><\/div>\n        <\/div>    \n\t<\/div>\n","protected":false},"excerpt":{"rendered":"\u041f\u043e\u0441\u043a\u043e\u043b\u044c\u043a\u0443 \u043d\u0430\u0448 \u043f\u0440\u0443\u0434 \u043c\u0430\u043b\u0435\u043d\u044c\u043a\u0438\u0439, \u0442\u043e \u0437\u0430 \u043e\u0434\u0438\u043d \u0440\u0430\u0437 \u043c\u043e\u0436\u043d\u043e \u0438\u0441\u043f\u043e\u043b\u044c\u0437\u043e\u0432\u0430\u0442\u044c \u0434\u043e 5 \u0443\u0434\u043e\u0447\u0435\u043a, \u0441\u0432\u043e\u0431\u043e\u0434\u043d\u044b\u0435 \u0443\u0434\u043e\u0447\u043a\u0438 \u0441\u0442\u043e\u044f\u0442 \u0432 \u043f\u0440\u043e\u0434\u0435\u043b\u0430\u043d\u043d\u044b\u0445 \u0432 \u043e\u0433\u0440\u0430\u0436\u0434\u0435\u043d\u0438\u044f\u0445 \u043f\u0440\u0443\u0434\u0430 \u043e\u0442\u0432\u0435\u0440\u0441\u0442\u0438\u044f\u0445, \u0440\u044f\u0434\u043e\u043c \u043d\u0430\u0445\u043e\u0434\u0438\u0442\u0441\u044f \u043d\u0430\u0436\u0438\u0432\u043a\u0430. \u0415\u0441\u043b\u0438 \u0447\u0442\u043e-\u0442\u043e \u0438\u0437 \u044d\u0442\u043e\u0433\u043e \u043e\u0442\u0441\u0443\u0442\u0441\u0442\u0432\u0443\u0435\u0442, \u043e\u0431\u0440\u0430\u0442\u0438\u0442\u0435\u0441\u044c \u043a \u0433\u0440\u0438\u043b\u044c-\u043f\u043e\u0432\u0430\u0440\u0443, \u0435\u0441\u043b\u0438 \u0442\u0440\u0435\u0431\u0443\u0435\u0442\u0441\u044f \u043f\u043e\u043c\u043e\u0449\u044c \u0438\u043b\u0438 \u0441\u043e\u0432\u0435\u0442 \u043f\u043e \u043b\u043e\u0432\u043b\u0435 [...]","protected":false},"author":1,"featured_media":0,"parent":0,"menu_order":0,"comment_status":"open","ping_status":"open","template":"page-full.php","meta":{"footnotes":""},"_links":{"self":[{"href":"http:\/\/www.hyyruveski.ee\/ru\/wp-json\/wp\/v2\/pages\/323"}],"collection":[{"href":"http:\/\/www.hyyruveski.ee\/ru\/wp-json\/wp\/v2\/pages"}],"about":[{"href":"http:\/\/www.hyyruveski.ee\/ru\/wp-json\/wp\/v2\/types\/page"}],"author":[{"embeddable":true,"href":"http:\/\/www.hyyruveski.ee\/ru\/wp-json\/wp\/v2\/users\/1"}],"replies":[{"embeddable":true,"href":"http:\/\/www.hyyruveski.ee\/ru\/wp-json\/wp\/v2\/comments?post=323"}],"version-history":[{"count":1,"href":"http:\/\/www.hyyruveski.ee\/ru\/wp-json\/wp\/v2\/pages\/323\/revisions"}],"predecessor-version":[{"id":324,"href":"http:\/\/www.hyyruveski.ee\/ru\/wp-json\/wp\/v2\/pages\/323\/revisions\/324"}],"wp:attachment":[{"href":"http:\/\/www.hyyruveski.ee\/ru\/wp-json\/wp\/v2\/media?parent=323"}],"curies":[{"name":"wp","href":"https:\/\/api.w.org\/{rel}","templated":true}]}}