{"id":303,"date":"2016-04-06T08:53:28","date_gmt":"2016-04-06T08:53:28","guid":{"rendered":"https:\/\/www.hyyruveski.ee\/en\/?page_id=303"},"modified":"2019-02-13T10:41:30","modified_gmt":"2019-02-13T10:41:30","slug":"kontakt","status":"publish","type":"page","link":"https:\/\/www.hyyruveski.ee\/en\/kontakt\/","title":{"rendered":"CONTACT"},"content":{"rendered":"<div class=\"wpb-content-wrapper\">[vc_row][vc_column width=&#8221;2\/3&#8243;][vc_raw_html]\n<p>JTNDaWZyYW1lJTIwc3JjJTNEJTIyaHR0cHMlM0ElMkYlMkZ3d3cuZ29vZ2xlLmNvbSUyRm1hcHMlMkZlbWJlZCUzRnBiJTNEJTIxMW0xOCUyMTFtMTIlMjExbTMlMjExZDIwMzIuMjMwMDY2NzAyNDQ3JTIxMmQyNC41MzcxMDYzMTYzMDU4MSUyMTNkNTkuMzc5MTg3OTgxNjc2Mjk2JTIxMm0zJTIxMWYwJTIxMmYwJTIxM2YwJTIxM20yJTIxMWkxMDI0JTIxMmk3NjglMjE0ZjEzLjElMjEzbTMlMjExbTIlMjExczB4NDY5Mjk2MDJhOGQzN2FjMyUyNTNBMHgxYWJiYmMyNzYwYzk2ODQ2JTIxMnpWSEpoYUhSbGNpQkl3N3pEdkhKMUlGWmxjMnRwSUdadmNtVnNiR2x3dzd6RHZHcyUyMTVlMCUyMTNtMiUyMTFzZXQlMjEyc2VlJTIxNHYxNTUwMDU0MzU5NDA0JTIyJTIwd2lkdGglM0QlMjIxMDAlMjUlMjIlMjBoZWlnaHQlM0QlMjI0NTAlMjIlMjBmcmFtZWJvcmRlciUzRCUyMjAlMjIlMjBzdHlsZSUzRCUyMmJvcmRlciUzQTAlMjIlMjBhbGxvd2Z1bGxzY3JlZW4lM0UlM0MlMkZpZnJhbWUlM0U=<\/p>\n[\/vc_raw_html][\/vc_column][vc_column width=&#8221;1\/3&#8243;][vc_column_text]A 15-minute drive from the Tallinn-based H\u00fc\u00fcru Mill Trout Grill offers you delicious cuisine and pleasant experiences in beautiful nature!<\/p>\n<p><strong>Address:<\/strong>\u00a0Paldiski mnt 351, H\u00fc\u00fcru k\u00fcla, Saue vald, Harjumaa<br \/>\n<strong>Tel:<\/strong> (+372) 607 1430<br \/>\n<strong>Fax:<\/strong> (+372) 607 1430<br \/>\n<strong>GSM:<\/strong> (+372) 56 911 278<br \/>\n<strong>E-mail:<\/strong> <a title=\"H\u00fc\u00fcru veski e-mail\" href=\"mailto:info@hyyruveski.ee\">info@hyyruveski.ee<\/a>[\/vc_column_text][vc_row_inner css=&#8221;.vc_custom_1441180335822{margin-top: 25px !important;}&#8221;][vc_column_inner width=&#8221;1\/6&#8243;][vc_icon icon_fontawesome=&#8221;fa fa-taxi&#8221; color=&#8221;mulled_wine&#8221; size=&#8221;sm&#8221;][\/vc_column_inner][vc_column_inner width=&#8221;5\/6&#8243;][vc_column_text css=&#8221;.vc_custom_1441180435966{margin-top: 20px !important;}&#8221;]\n<p><a href=\"https:\/\/www.google.ee\/maps\/dir\/\/Paldiski+maantee+351,+H%C3%BC%C3%BCru,+76911+Harju+maakond\/@59.3791881,24.5392952,17z\/data=!4m13!1m4!3m3!1s0x46929602a8891b6b:0x60eb8b5ef32a7389!2sPaldiski+maantee+351,+H%C3%BC%C3%BCru,+76911+Harju+maakond!3b1!4m7!1m0!1m5!1m1!1s0x46929602a8891b6b:0x60eb8b5ef32a7389!2m2!1d24.5392952!2d59.3791881?hl=en\" target=\"_blank\">NAVIGEERI MEIENI SIIT<\/a><\/p>\n[\/vc_column_text][\/vc_column_inner][\/vc_row_inner][\/vc_column][\/vc_row]\n<\/div>","protected":false},"excerpt":{"rendered":"<p>[vc_row][vc_column width=&#8221;2\/3&#8243;][vc_raw_html] JTNDaWZyYW1lJTIwc3JjJTNEJTIyaHR0cHMlM0ElMkYlMkZ3d3cuZ29vZ2xlLmNvbSUyRm1hcHMlMkZlbWJlZCUzRnBiJTNEJTIxMW0xOCUyMTFtMTIlMjExbTMlMjExZDIwMzIuMjMwMDY2NzAyNDQ3JTIxMmQyNC41MzcxMDYzMTYzMDU4MSUyMTNkNTkuMzc5MTg3OTgxNjc2Mjk2JTIxMm0zJTIxMWYwJTIxMmYwJTIxM2YwJTIxM20yJTIxMWkxMDI0JTIxMmk3NjglMjE0ZjEzLjElMjEzbTMlMjExbTIlMjExczB4NDY5Mjk2MDJhOGQzN2FjMyUyNTNBMHgxYWJiYmMyNzYwYzk2ODQ2JTIxMnpWSEpoYUhSbGNpQkl3N3pEdkhKMUlGWmxjMnRwSUdadmNtVnNiR2x3dzd6RHZHcyUyMTVlMCUyMTNtMiUyMTFzZXQlMjEyc2VlJTIxNHYxNTUwMDU0MzU5NDA0JTIyJTIwd2lkdGglM0QlMjIxMDAlMjUlMjIlMjBoZWlnaHQlM0QlMjI0NTAlMjIlMjBmcmFtZWJvcmRlciUzRCUyMjAlMjIlMjBzdHlsZSUzRCUyMmJvcmRlciUzQTAlMjIlMjBhbGxvd2Z1bGxzY3JlZW4lM0UlM0MlMkZpZnJhbWUlM0U= [\/vc_raw_html][\/vc_column][vc_column width=&#8221;1\/3&#8243;][vc_column_text]A 15-minute drive from the Tallinn-based H\u00fc\u00fcru Mill Trout Grill offers you delicious cuisine and pleasant experiences in beautiful nature! Address:\u00a0Paldiski mnt 351, H\u00fc\u00fcru k\u00fcla, Saue vald, Harjumaa Tel: (+372) 607 1430 Fax: (+372) 607 1430 [&hellip;]<\/p>\n","protected":false},"author":1,"featured_media":0,"parent":0,"menu_order":0,"comment_status":"open","ping_status":"open","template":"page-full.php","meta":{"footnotes":""},"class_list":["post-303","page","type-page","status-publish","hentry"],"_links":{"self":[{"href":"https:\/\/www.hyyruveski.ee\/en\/wp-json\/wp\/v2\/pages\/303","targetHints":{"allow":["GET"]}}],"collection":[{"href":"https:\/\/www.hyyruveski.ee\/en\/wp-json\/wp\/v2\/pages"}],"about":[{"href":"https:\/\/www.hyyruveski.ee\/en\/wp-json\/wp\/v2\/types\/page"}],"author":[{"embeddable":true,"href":"https:\/\/www.hyyruveski.ee\/en\/wp-json\/wp\/v2\/users\/1"}],"replies":[{"embeddable":true,"href":"https:\/\/www.hyyruveski.ee\/en\/wp-json\/wp\/v2\/comments?post=303"}],"version-history":[{"count":4,"href":"https:\/\/www.hyyruveski.ee\/en\/wp-json\/wp\/v2\/pages\/303\/revisions"}],"predecessor-version":[{"id":422,"href":"https:\/\/www.hyyruveski.ee\/en\/wp-json\/wp\/v2\/pages\/303\/revisions\/422"}],"wp:attachment":[{"href":"https:\/\/www.hyyruveski.ee\/en\/wp-json\/wp\/v2\/media?parent=303"}],"curies":[{"name":"wp","href":"https:\/\/api.w.org\/{rel}","templated":true}]}}